{"id":4865,"date":"2023-01-24T18:47:52","date_gmt":"2023-01-24T18:47:52","guid":{"rendered":"https:\/\/staging2.nomademedia.ca\/?page_id=4865"},"modified":"2023-01-24T18:50:27","modified_gmt":"2023-01-24T18:50:27","slug":"politique-de-confidentialite","status":"publish","type":"page","link":"https:\/\/roatanurbinaseatour.com\/en\/politique-de-confidentialite\/","title":{"rendered":"Privacy Policy"},"content":{"rendered":"<div data-elementor-type=\"wp-post\" data-elementor-id=\"4865\" class=\"elementor elementor-4865\" data-elementor-post-type=\"page\">\n\t\t\t\t\t\t<section class=\"elementor-section elementor-top-section elementor-element elementor-element-3a4d6bb elementor-section-stretched elementor-section-full_width elementor-section-height-min-height elementor-section-height-default elementor-section-items-middle\" data-id=\"3a4d6bb\" data-element_type=\"section\" data-settings=\"{&quot;stretch_section&quot;:&quot;section-stretched&quot;,&quot;background_background&quot;:&quot;classic&quot;}\">\n\t\t\t\t\t\t\t<div class=\"elementor-background-overlay\"><\/div>\n\t\t\t\t\t\t\t<div class=\"elementor-container elementor-column-gap-no\">\n\t\t\t\t\t<div class=\"elementor-column elementor-col-100 elementor-top-column elementor-element elementor-element-3b31654 sc_inner_width_none sc_layouts_column_icons_position_left\" data-id=\"3b31654\" data-element_type=\"column\">\n\t\t\t<div class=\"elementor-widget-wrap elementor-element-populated\">\n\t\t\t\t\t\t<div class=\"elementor-element elementor-element-dc20c09 sc_fly_static elementor-widget elementor-widget-heading\" data-id=\"dc20c09\" data-element_type=\"widget\" data-widget_type=\"heading.default\">\n\t\t\t\t<div class=\"elementor-widget-container\">\n\t\t\t<h1 class=\"elementor-heading-title elementor-size-default\">Privacy Policy<\/h1>\t\t<\/div>\n\t\t\t\t<\/div>\n\t\t\t\t\t<\/div>\n\t\t<\/div>\n\t\t\t\t\t<\/div>\n\t\t<\/section>\n\t\t\t\t<section class=\"elementor-section elementor-top-section elementor-element elementor-element-ef5ea65 elementor-section-stretched elementor-section-boxed elementor-section-height-default elementor-section-height-default\" data-id=\"ef5ea65\" data-element_type=\"section\" data-settings=\"{&quot;stretch_section&quot;:&quot;section-stretched&quot;,&quot;background_background&quot;:&quot;classic&quot;}\">\n\t\t\t\t\t\t<div class=\"elementor-container elementor-column-gap-extended\">\n\t\t\t\t\t<div class=\"elementor-column elementor-col-100 elementor-top-column elementor-element elementor-element-00e04b6 sc_inner_width_none sc_layouts_column_icons_position_left\" data-id=\"00e04b6\" data-element_type=\"column\">\n\t\t\t<div class=\"elementor-widget-wrap elementor-element-populated\">\n\t\t\t\t\t\t<div class=\"elementor-element elementor-element-34a0653 sc_fly_static elementor-widget elementor-widget-text-editor\" data-id=\"34a0653\" data-element_type=\"widget\" data-widget_type=\"text-editor.default\">\n\t\t\t\t<div class=\"elementor-widget-container\">\n\t\t\t\t\t\t\t<p><strong>POLITIQUE DE CONFIDENTIALIT\u00c9<\/strong><\/p><p><strong>https:\/\/roatanurbinaseatour.com\/<\/strong><\/p><p>\u00a0<\/p><p><strong><u>Le but de cette politique de confidentialit\u00e9<\/u><\/strong><\/p><p>Le but de cette politique de confidentialit\u00e9 est d&#8217;informer les utilisateurs de notre site des donn\u00e9es personnelles que nous recueillerons ainsi que les informations suivantes, le cas \u00e9ch\u00e9ant :<\/p><ol><li>Les donn\u00e9es personnelles que nous recueillerons<\/li><li>L\u2019utilisation des donn\u00e9es recueillies<\/li><li>Qui a acc\u00e8s aux donn\u00e9es recueillies<\/li><li>Les droits des utilisateurs du site<\/li><\/ol><p>Cette politique de confidentialit\u00e9 fonctionne parall\u00e8lement aux conditions g\u00e9n\u00e9rales d\u2019utilisation de notre site.<\/p><p><strong><u>Lois applicables<\/u><\/strong><\/p><p>Cette politique est conforme aux lois \u00e9nonc\u00e9es dans la\u00a0<em>loi sur la protection des renseignements personnels et les documents \u00e9lectroniques<\/em>\u00a0(LPRPDE).<\/p><p>Pour les r\u00e9sidents des pays de l\u2019UE, le\u00a0<em>R\u00e8glement g\u00e9n\u00e9ral sur la protection des donn\u00e9es<\/em>\u00a0(RGDP) r\u00e9git toutes les politiques de protection des donn\u00e9es, quel que soit l\u2019endroit o\u00f9 se trouve le site. La pr\u00e9sente politique de confidentialit\u00e9 vise \u00e0 se conformer au RGDP. S\u2019il y a des incoh\u00e9rences entre la pr\u00e9sente politique et le RGDP, le RGDP s\u2019appliquera.<\/p><p>Pour les r\u00e9sidents de l\u2019\u00c9tat de Californie, cette politique de confidentialit\u00e9 vise \u00e0 se conformer \u00e0 la\u00a0<em>California Consumer Privacy Act (CCPA)<\/em>. S\u2019il y a des incoh\u00e9rences entre ce document et la\u00a0<em>CCPA<\/em>, la l\u00e9gislation de l\u2019\u00c9tat s\u2019appliquera. Si nous constatons des incoh\u00e9rences, nous modifierons notre politique pour nous conformer \u00e0 la loi pertinente.<\/p><p><strong><u>Consentement<\/u><\/strong><\/p><p>Les utilisateurs conviennent qu\u2019en utilisant notre site, ils consentent \u00e0 :<\/p><ol><li>les conditions \u00e9nonc\u00e9es dans la pr\u00e9sente politique de confidentialit\u00e9 et<\/li><li>la collecte, l\u2019utilisation et la conservation des donn\u00e9es \u00e9num\u00e9r\u00e9es dans la pr\u00e9sente politique.<\/li><\/ol><p><strong><u>Donn\u00e9es personnelles que nous collectons<\/u><\/strong><\/p><p><strong>Donn\u00e9es collect\u00e9es automatiquement<\/strong><\/p><p>Nous ne collectons aucune donn\u00e9e automatiquement sur notre site.<\/p><p><strong>Donn\u00e9es recueillies de fa\u00e7on non automatique<\/strong><\/p><p>Nous pouvons \u00e9galement collecter les donn\u00e9es suivantes lorsque vous effectuez certaines fonctions sur notre site\u00a0:<\/p><ol><li>Pr\u00e9nom et nom<\/li><li>Email<\/li><li>Num\u00e9ro de t\u00e9l\u00e9phone<\/li><\/ol><p>Ces donn\u00e9es peuvent \u00eatre recueillies au moyen des m\u00e9thodes suivantes\u00a0:<\/p><p>Veuillez noter que nous ne collectons que les donn\u00e9es qui nous aident \u00e0 atteindre l\u2019objectif \u00e9nonc\u00e9 dans cette politique de confidentialit\u00e9. Nous ne recueillerons pas de donn\u00e9es suppl\u00e9mentaires sans vous en informer au pr\u00e9alable.<\/p><p><strong><u>Comment nous utilisons les donn\u00e9es personnelles<\/u><\/strong><\/p><p>Les donn\u00e9es personnelles recueillies sur notre site seront utilis\u00e9es uniquement aux fins pr\u00e9cis\u00e9es dans la pr\u00e9sente politique ou indiqu\u00e9es sur les pages pertinentes de notre site. Nous n\u2019utiliserons pas vos donn\u00e9es au-del\u00e0 de ce que nous divulguerons.<\/p><p>Les donn\u00e9es que nous recueillons lorsque l\u2019utilisateur ex\u00e9cute certaines fonctions peuvent \u00eatre utilis\u00e9es aux fins suivantes\u00a0:<\/p><ol><li>R\u00e9pondre au formulaire de contact compl\u00e9ter via notre site internet.<\/li><\/ol><p><strong><u>Avec qui nous partageons les donn\u00e9es personnelles<\/u><\/strong><\/p><p><strong>Employ\u00e9s<\/strong><br \/>Nous pouvons divulguer \u00e0 tout membre de notre organisation les donn\u00e9es utilisateur dont il a raisonnablement besoin pour r\u00e9aliser les objectifs \u00e9nonc\u00e9s dans la pr\u00e9sente politique.<\/p><p><strong>Autres divulgations<\/strong><br \/>Nous nous engageons \u00e0 ne pas vendre ou partager vos donn\u00e9es avec des tiers, sauf dans les cas suivants\u00a0:<\/p><ol><li>si la loi l&#8217;exige<\/li><li>si elle est requise pour toute proc\u00e9dure judiciaire<\/li><li>pour prouver ou prot\u00e9ger nos droits l\u00e9gaux<\/li><li>\u00e0 des acheteurs ou des acheteurs potentiels de cette soci\u00e9t\u00e9 dans le cas o\u00f9 nous cherchons \u00e0 la vendre la soci\u00e9t\u00e9<\/li><\/ol><p>Si vous suivez des hyperliens de notre site vers un autre site, veuillez noter que nous ne sommes pas responsables et n\u2019avons pas de contr\u00f4le sur leurs politiques et pratiques de confidentialit\u00e9.<\/p><p><strong><u>\u00a0<\/u><\/strong><\/p><p><strong><u>\u00a0<\/u><\/strong><\/p><p><strong><u>Combien de temps nous stockons les donn\u00e9es personnelles<\/u><\/strong><\/p><p>Nous ne conservons pas les donn\u00e9es des utilisateurs au-del\u00e0 de ce qui est n\u00e9cessaire pour atteindre les fins pour lesquelles elles sont recueillies.<\/p><p><strong><u>Comment nous prot\u00e9geons vos donn\u00e9es personnelles<\/u><\/strong><\/p><p>Alors que nous prenons toutes les pr\u00e9cautions raisonnables pour nous assurer que nos donn\u00e9es d\u2019utilisateur sont s\u00e9curis\u00e9es et que les utilisateurs sont prot\u00e9g\u00e9s, il reste toujours du risque de pr\u00e9judice. L\u2019Internet en sa totalit\u00e9 peut \u00eatre, parfois, peu s\u00fbr et donc nous sommes incapables de garantir la s\u00e9curit\u00e9 des donn\u00e9es des utilisateurs au-del\u00e0 de ce qui est raisonnablement pratique.<\/p><p><strong><u>Mineurs<\/u><\/strong><\/p><p>Pour les r\u00e9sidents de l\u2019UE, le RGPD pr\u00e9cise que les personnes de moins de 15 ans sont consid\u00e9r\u00e9es comme des mineurs aux fins de la collecte de donn\u00e9es. Les mineurs doivent avoir le consentement d\u2019un repr\u00e9sentant l\u00e9gal pour que leurs donn\u00e9es soient recueillies, trait\u00e9es et utilis\u00e9es.<\/p><p><strong><u>Vos droits en tant qu\u2019utilisateur<\/u><\/strong><\/p><p>En tant qu\u2019utilisateur, vous avez le droit d\u2019acc\u00e9der \u00e0 toutes vos donn\u00e9es personnelles que nous avons collect\u00e9es. En outre, vous avez le droit de mettre \u00e0 jour ou de corriger toute donn\u00e9e personnelle en notre possession \u00e0 condition qu\u2019elle soit acceptable en vertu de la loi.<\/p><p>Vous pouvez choisir de supprimer ou de modifier votre consentement \u00e0 la collecte et \u00e0 l\u2019utilisation des donn\u00e9es en tout temps, pourvu qu\u2019il soit l\u00e9galement acceptable de le faire et que vous nous en ayez inform\u00e9 dans un d\u00e9lai raisonnable.<\/p><p><strong><u>Comment modifier, supprimer ou contester les donn\u00e9es recueillies<\/u><\/strong><\/p><p>Si vous souhaitez que vos renseignements soient supprim\u00e9s ou modifi\u00e9s d\u2019une fa\u00e7on ou d\u2019une autre, veuillez communiquer avec nous.<\/p><p><strong><u>Modifications<\/u><\/strong><\/p><p>Cette politique de confidentialit\u00e9 peut \u00eatre modifi\u00e9e \u00e0 l\u2019occasion afin de maintenir la conformit\u00e9 avec la loi et de tenir compte de tout changement \u00e0 notre processus de collecte de donn\u00e9es. Nous recommandons \u00e0 nos utilisateurs de v\u00e9rifier notre politique de temps \u00e0 autre pour s\u2019assurer qu\u2019ils soient inform\u00e9s de toute mise \u00e0 jour. Au besoin, nous pouvons informer les utilisateurs par courriel des changements apport\u00e9s \u00e0 cette politique.<\/p><p><strong><u>Contact<\/u><\/strong><\/p><p>Si vous avez des questions \u00e0 nous poser, n\u2019h\u00e9sitez pas \u00e0 communiquer avec nous.<\/p><p><em>Date d\u2019entr\u00e9e en vigueur\u00a0:\u00a0<\/em>le 24 janvier 2023<\/p><p>\u00a0<\/p><p>\u00a0<\/p>\t\t\t\t\t\t<\/div>\n\t\t\t\t<\/div>\n\t\t\t\t\t<\/div>\n\t\t<\/div>\n\t\t\t\t\t<\/div>\n\t\t<\/section>\n\t\t\t\t<\/div>","protected":false},"excerpt":{"rendered":"<p>Politique de confidentialit\u00e9 POLITIQUE DE CONFIDENTIALIT\u00c9 https:\/\/roatanurbinaseatour.com\/ \u00a0 Le but de cette&hellip;<\/p>","protected":false},"author":1,"featured_media":0,"parent":0,"menu_order":0,"comment_status":"closed","ping_status":"closed","template":"","meta":{"footnotes":""},"class_list":["post-4865","page","type-page","status-publish","hentry"],"yoast_head":"<!-- This site is optimized with the Yoast SEO plugin v23.9 - https:\/\/yoast.com\/wordpress\/plugins\/seo\/ -->\n<title>Politique de confidentialit\u00e9 - Roatan Urbina Sea Tour<\/title>\n<meta name=\"robots\" content=\"index, follow, max-snippet:-1, max-image-preview:large, max-video-preview:-1\" \/>\n<link rel=\"canonical\" href=\"https:\/\/roatanurbinaseatour.com\/en\/politique-de-confidentialite\/\" \/>\n<meta property=\"og:locale\" content=\"en_US\" \/>\n<meta property=\"og:type\" content=\"article\" \/>\n<meta property=\"og:title\" content=\"Politique de confidentialit\u00e9 - Roatan Urbina Sea Tour\" \/>\n<meta property=\"og:description\" content=\"Politique de confidentialit\u00e9 POLITIQUE DE CONFIDENTIALIT\u00c9 https:\/\/roatanurbinaseatour.com\/ \u00a0 Le but de cette&hellip;\" \/>\n<meta property=\"og:url\" content=\"https:\/\/roatanurbinaseatour.com\/en\/politique-de-confidentialite\/\" \/>\n<meta property=\"og:site_name\" content=\"Roatan Urbina Sea Tour\" \/>\n<meta property=\"article:modified_time\" content=\"2023-01-24T18:50:27+00:00\" \/>\n<meta name=\"twitter:card\" content=\"summary_large_image\" \/>\n<meta name=\"twitter:label1\" content=\"Est. reading time\" \/>\n\t<meta name=\"twitter:data1\" content=\"5 minutes\" \/>\n<script type=\"application\/ld+json\" class=\"yoast-schema-graph\">{\"@context\":\"https:\/\/schema.org\",\"@graph\":[{\"@type\":\"WebPage\",\"@id\":\"https:\/\/roatanurbinaseatour.com\/politique-de-confidentialite\/\",\"url\":\"https:\/\/roatanurbinaseatour.com\/politique-de-confidentialite\/\",\"name\":\"Politique de confidentialit\u00e9 - Roatan Urbina Sea Tour\",\"isPartOf\":{\"@id\":\"https:\/\/roatanurbinaseatour.com\/#website\"},\"datePublished\":\"2023-01-24T18:47:52+00:00\",\"dateModified\":\"2023-01-24T18:50:27+00:00\",\"breadcrumb\":{\"@id\":\"https:\/\/roatanurbinaseatour.com\/politique-de-confidentialite\/#breadcrumb\"},\"inLanguage\":\"en-CA\",\"potentialAction\":[{\"@type\":\"ReadAction\",\"target\":[\"https:\/\/roatanurbinaseatour.com\/politique-de-confidentialite\/\"]}]},{\"@type\":\"BreadcrumbList\",\"@id\":\"https:\/\/roatanurbinaseatour.com\/politique-de-confidentialite\/#breadcrumb\",\"itemListElement\":[{\"@type\":\"ListItem\",\"position\":1,\"name\":\"Home\",\"item\":\"https:\/\/roatanurbinaseatour.com\/\"},{\"@type\":\"ListItem\",\"position\":2,\"name\":\"Politique de confidentialit\u00e9\"}]},{\"@type\":\"WebSite\",\"@id\":\"https:\/\/roatanurbinaseatour.com\/#website\",\"url\":\"https:\/\/roatanurbinaseatour.com\/\",\"name\":\"Roatan Urbina Sea Tour\",\"description\":\"Partons \u00e0 l&#039;aventure\",\"publisher\":{\"@id\":\"https:\/\/roatanurbinaseatour.com\/#organization\"},\"potentialAction\":[{\"@type\":\"SearchAction\",\"target\":{\"@type\":\"EntryPoint\",\"urlTemplate\":\"https:\/\/roatanurbinaseatour.com\/?s={search_term_string}\"},\"query-input\":{\"@type\":\"PropertyValueSpecification\",\"valueRequired\":true,\"valueName\":\"search_term_string\"}}],\"inLanguage\":\"en-CA\"},{\"@type\":\"Organization\",\"@id\":\"https:\/\/roatanurbinaseatour.com\/#organization\",\"name\":\"Roatan Urbina Sea Tour\",\"url\":\"https:\/\/roatanurbinaseatour.com\/\",\"logo\":{\"@type\":\"ImageObject\",\"inLanguage\":\"en-CA\",\"@id\":\"https:\/\/roatanurbinaseatour.com\/#\/schema\/logo\/image\/\",\"url\":\"https:\/\/roatanurbinaseatour.com\/wp-content\/uploads\/2019\/01\/logo1.png\",\"contentUrl\":\"https:\/\/roatanurbinaseatour.com\/wp-content\/uploads\/2019\/01\/logo1.png\",\"width\":122,\"height\":41,\"caption\":\"Roatan Urbina Sea Tour\"},\"image\":{\"@id\":\"https:\/\/roatanurbinaseatour.com\/#\/schema\/logo\/image\/\"}}]}<\/script>\n<!-- \/ Yoast SEO plugin. -->","yoast_head_json":{"title":"Politique de confidentialit\u00e9 - Roatan Urbina Sea Tour","robots":{"index":"index","follow":"follow","max-snippet":"max-snippet:-1","max-image-preview":"max-image-preview:large","max-video-preview":"max-video-preview:-1"},"canonical":"https:\/\/roatanurbinaseatour.com\/en\/politique-de-confidentialite\/","og_locale":"en_US","og_type":"article","og_title":"Politique de confidentialit\u00e9 - Roatan Urbina Sea Tour","og_description":"Politique de confidentialit\u00e9 POLITIQUE DE CONFIDENTIALIT\u00c9 https:\/\/roatanurbinaseatour.com\/ \u00a0 Le but de cette&hellip;","og_url":"https:\/\/roatanurbinaseatour.com\/en\/politique-de-confidentialite\/","og_site_name":"Roatan Urbina Sea Tour","article_modified_time":"2023-01-24T18:50:27+00:00","twitter_card":"summary_large_image","twitter_misc":{"Est. reading time":"5 minutes"},"schema":{"@context":"https:\/\/schema.org","@graph":[{"@type":"WebPage","@id":"https:\/\/roatanurbinaseatour.com\/politique-de-confidentialite\/","url":"https:\/\/roatanurbinaseatour.com\/politique-de-confidentialite\/","name":"Politique de confidentialit\u00e9 - Roatan Urbina Sea Tour","isPartOf":{"@id":"https:\/\/roatanurbinaseatour.com\/#website"},"datePublished":"2023-01-24T18:47:52+00:00","dateModified":"2023-01-24T18:50:27+00:00","breadcrumb":{"@id":"https:\/\/roatanurbinaseatour.com\/politique-de-confidentialite\/#breadcrumb"},"inLanguage":"en-CA","potentialAction":[{"@type":"ReadAction","target":["https:\/\/roatanurbinaseatour.com\/politique-de-confidentialite\/"]}]},{"@type":"BreadcrumbList","@id":"https:\/\/roatanurbinaseatour.com\/politique-de-confidentialite\/#breadcrumb","itemListElement":[{"@type":"ListItem","position":1,"name":"Home","item":"https:\/\/roatanurbinaseatour.com\/"},{"@type":"ListItem","position":2,"name":"Politique de confidentialit\u00e9"}]},{"@type":"WebSite","@id":"https:\/\/roatanurbinaseatour.com\/#website","url":"https:\/\/roatanurbinaseatour.com\/","name":"Roatan Urbina Sea Tour","description":"Partons \u00e0 l&#039;aventure","publisher":{"@id":"https:\/\/roatanurbinaseatour.com\/#organization"},"potentialAction":[{"@type":"SearchAction","target":{"@type":"EntryPoint","urlTemplate":"https:\/\/roatanurbinaseatour.com\/?s={search_term_string}"},"query-input":{"@type":"PropertyValueSpecification","valueRequired":true,"valueName":"search_term_string"}}],"inLanguage":"en-CA"},{"@type":"Organization","@id":"https:\/\/roatanurbinaseatour.com\/#organization","name":"Roatan Urbina Sea Tour","url":"https:\/\/roatanurbinaseatour.com\/","logo":{"@type":"ImageObject","inLanguage":"en-CA","@id":"https:\/\/roatanurbinaseatour.com\/#\/schema\/logo\/image\/","url":"https:\/\/roatanurbinaseatour.com\/wp-content\/uploads\/2019\/01\/logo1.png","contentUrl":"https:\/\/roatanurbinaseatour.com\/wp-content\/uploads\/2019\/01\/logo1.png","width":122,"height":41,"caption":"Roatan Urbina Sea Tour"},"image":{"@id":"https:\/\/roatanurbinaseatour.com\/#\/schema\/logo\/image\/"}}]}},"_links":{"self":[{"href":"https:\/\/roatanurbinaseatour.com\/en\/wp-json\/wp\/v2\/pages\/4865","targetHints":{"allow":["GET"]}}],"collection":[{"href":"https:\/\/roatanurbinaseatour.com\/en\/wp-json\/wp\/v2\/pages"}],"about":[{"href":"https:\/\/roatanurbinaseatour.com\/en\/wp-json\/wp\/v2\/types\/page"}],"author":[{"embeddable":true,"href":"https:\/\/roatanurbinaseatour.com\/en\/wp-json\/wp\/v2\/users\/1"}],"replies":[{"embeddable":true,"href":"https:\/\/roatanurbinaseatour.com\/en\/wp-json\/wp\/v2\/comments?post=4865"}],"version-history":[{"count":0,"href":"https:\/\/roatanurbinaseatour.com\/en\/wp-json\/wp\/v2\/pages\/4865\/revisions"}],"wp:attachment":[{"href":"https:\/\/roatanurbinaseatour.com\/en\/wp-json\/wp\/v2\/media?parent=4865"}],"curies":[{"name":"wp","href":"https:\/\/api.w.org\/{rel}","templated":true}]}}